{"id":17149,"date":"2020-03-02T23:33:27","date_gmt":"2020-03-02T23:33:27","guid":{"rendered":"https:\/\/demo34.houzez.co\/?page_id=17149"},"modified":"2020-03-02T23:33:27","modified_gmt":"2020-03-02T23:33:27","slug":"inquiry-form","status":"publish","type":"page","link":"https:\/\/jsmhomeservices.com\/index.php\/en\/inquiry-form\/","title":{"rendered":"Inquiry Form"},"content":{"rendered":"\t\t<div data-elementor-type=\"wp-page\" data-elementor-id=\"17149\" class=\"elementor elementor-17149\">\n\t\t\t\t\t\t<section class=\"elementor-section elementor-top-section elementor-element elementor-element-5ec2734 elementor-section-boxed elementor-section-height-default elementor-section-height-default\" data-id=\"5ec2734\" data-element_type=\"section\">\n\t\t\t\t\t\t<div class=\"elementor-container elementor-column-gap-default\">\n\t\t\t\t\t<div class=\"elementor-column elementor-col-100 elementor-top-column elementor-element elementor-element-e1bd41f\" data-id=\"e1bd41f\" data-element_type=\"column\">\n\t\t\t<div class=\"elementor-widget-wrap elementor-element-populated\">\n\t\t\t\t\t\t<div class=\"elementor-element elementor-element-49cbafe elementor-widget elementor-widget-houzez_elementor_space\" data-id=\"49cbafe\" data-element_type=\"widget\" data-widget_type=\"houzez_elementor_space.default\">\n\t\t\t\t<div class=\"elementor-widget-container\">\n\t\t\t\t\t        <div class=\"houzez-spacer\">\n            <div class=\"houzez-spacer-inner\"><\/div>\n        <\/div>\n        \t\t\t\t<\/div>\n\t\t\t\t<\/div>\n\t\t\t\t<section class=\"elementor-section elementor-inner-section elementor-element elementor-element-6efd58c animated-slow elementor-section-boxed elementor-section-height-default elementor-section-height-default elementor-invisible\" data-id=\"6efd58c\" data-element_type=\"section\" data-settings=\"{&quot;background_background&quot;:&quot;classic&quot;,&quot;animation&quot;:&quot;fadeIn&quot;}\">\n\t\t\t\t\t\t<div class=\"elementor-container elementor-column-gap-no\">\n\t\t\t\t\t<div class=\"elementor-column elementor-col-100 elementor-inner-column elementor-element elementor-element-856004d\" data-id=\"856004d\" data-element_type=\"column\">\n\t\t\t<div class=\"elementor-widget-wrap elementor-element-populated\">\n\t\t\t\t\t\t<div class=\"elementor-element elementor-element-8ff1404 elementor-widget elementor-widget-text-editor\" data-id=\"8ff1404\" data-element_type=\"widget\" data-widget_type=\"text-editor.default\">\n\t\t\t\t<div class=\"elementor-widget-container\">\n\t\t\t\t\t\t\t\t\t<p><strong>Formulario de solicitud personalizado<\/strong><\/p><p>El widget de formulario de solicitud le permite dise\u00f1ar formularios \u00fanicos para capturar sus clientes potenciales. Este m\u00f3dulo se conecta autom\u00e1ticamente al CRM integrado de Houzez y a su bandeja de entrada para mantener todo bajo control.<\/p>\t\t\t\t\t\t\t\t<\/div>\n\t\t\t\t<\/div>\n\t\t\t\t<div class=\"elementor-element elementor-element-42f882c elementor-button-align-stretch elementor-widget elementor-widget-houzez_elementor_inquiry_form\" data-id=\"42f882c\" data-element_type=\"widget\" data-widget_type=\"houzez_elementor_inquiry_form.default\">\n\t\t\t\t<div class=\"elementor-widget-container\">\n\t\t\t\t\t\n        <script type=\"application\/javascript\">\n            jQuery(document).bind(\"ready\", function () {\n                houzezValidateElementor(\"#houzez-form-42f882c\" );\n            });\n        <\/script>\n\n\n        <form class=\"elementor-form houzez-ele-form-js\" id=\"houzez-form-42f882c\" method=\"post\" name=\"New Form\" action=\"https:\/\/jsmhomeservices.com\/wp-admin\/admin-ajax.php\">\n            <input type=\"hidden\" name=\"form_id\" value=\"42f882c\"\/>\n            <input type=\"hidden\" name=\"action\" value=\"houzez_ele_inquiry_form\" \/>\n            <input type=\"hidden\" name=\"source_link\" value=\"https:\/\/jsmhomeservices.com\/index.php\/en\/inquiry-form\/\" \/>\n            <input type=\"hidden\" name=\"lead_page_id\" value=\"17149\" \/>\n            <input type=\"hidden\" name=\"is_estimation\" value=\"yes\" \/>\n            <input type=\"hidden\" name=\"webhook\" value=\"false\" \/>\n            <input type=\"hidden\" name=\"webhook_url\" value=\"\" \/>\n            <input type=\"hidden\" name=\"redirect_to\" value=\"\" \/>\n            <input type=\"hidden\" name=\"email_subject\" value=\"New message from &quot;Houzez 01&quot;\" \/>\n            <input type=\"hidden\" name=\"google_recaptcha\" value=\"yes\" \/>\n\n            <div class=\"elementor-form-fields-wrapper elementor-labels-above\">\n\n                                    <div class=\"elementor-field-group elementor-column form-group elementor-field-group-ba6c34c elementor-col-100 elementor-field-required\">\n                    <label for=\"form-field-ba6c34c\" class=\"form-label elementor-field-label\">Tipo de solicitud<\/label>        <div class=\"elementor-field elementor-select-wrapper\">\n            <select name=\"enquiry_type\" id=\"form-field-ba6c34c\" class=\"elementor-field-textual form-control elementor-size-md\" required=\"required\" title=\"* Tipo de solicitud\">\n                <option value=\"\">Seleccionar<\/option><option value=\"Comprar\">Comprar<\/value><option value=\"Vender\"> Vender<\/value><option value=\"Avaliar\"> Avaliar<\/value>            <\/select>\n        <\/div>\n                            <\/div>\n\n                                        <div class=\"elementor-field-group elementor-column form-group elementor-field-group-b7fe77d elementor-col-100 elementor-field-required\">\n                    <label for=\"form-field-b7fe77d\" class=\"form-label elementor-field-label\">Informaci\u00f3n<\/label>        <div class=\"elementor-field elementor-select-wrapper\">\n            <select name=\"user_type\" id=\"form-field-b7fe77d\" class=\"elementor-field-textual form-control elementor-size-md\" required=\"required\" title=\"* Informaci\u00f3n\">\n                <option value=\"\">Seleccionar<\/option><option value=\"Sono un agente\">Sono un agente<\/option><option value=\"Sono un proprietario\">Sono un proprietario<\/option>            <\/select>\n        <\/div>\n                            <\/div>\n\n                                        <div class=\"elementor-field-group elementor-column form-group elementor-field-group-cc6b92f elementor-col-50 elementor-field-required\">\n                    <input type=\"text\" name=\"first_name\" id=\"form-field-cc6b92f\" class=\"elementor-field form-control elementor-size-md elementor-field-textual\" placeholder=\"Nombre\" title=\"* Nombre\" required=\"required\">                    <\/div>\n\n                                        <div class=\"elementor-field-group elementor-column form-group elementor-field-group-3cc124e elementor-col-50\">\n                    <input type=\"text\" name=\"last_name\" id=\"form-field-3cc124e\" class=\"elementor-field form-control elementor-size-md elementor-field-textual\" placeholder=\"Apellido\" title=\"* Apellido\">                    <\/div>\n\n                                        <div class=\"elementor-field-group elementor-column form-group elementor-field-group-932d82c elementor-col-50 elementor-field-required\">\n                    <input type=\"email\" name=\"email\" id=\"form-field-932d82c\" class=\"elementor-field form-control elementor-size-md elementor-field-textual\" placeholder=\"Correo electr\u00f3nico\" title=\"* Correo electr\u00f3nico\" required=\"required\">                    <\/div>\n\n                                        <div class=\"elementor-field-group elementor-column form-group elementor-field-group-304b68f elementor-col-50 elementor-field-required\">\n                    <input type=\"text\" name=\"mobile\" id=\"form-field-304b68f\" class=\"elementor-field form-control elementor-size-md elementor-field-textual\" placeholder=\"Tel\u00e9fono m\u00f3vil\" title=\"* Tel\u00e9fono m\u00f3vil\" required=\"required\">                    <\/div>\n\n                                        <div class=\"elementor-field-group elementor-column form-group elementor-field-group-bf1d035 elementor-col-33 elementor-field-required\">\n                    <label for=\"form-field-bf1d035\" class=\"form-label elementor-field-label\">Lugar<\/label>        <div class=\"elementor-field elementor-select-wrapper\">\n            <select name=\"e_meta[city]\" id=\"form-field-bf1d035\" class=\"elementor-field-textual form-control elementor-size-md\" required=\"required\" title=\"* Lugar\">\n                <option value=\"\">Ciudad selecta<\/option><option data-ref=\"baiao\" data-belong=\"porto\" value=\"baiao\"> baiao<\/option><option data-ref=\"barcelona\" data-belong=\"\" value=\"barcelona\"> Barcelona<\/option><option data-ref=\"gondomar\" data-belong=\"porto\" value=\"gondomar\"> Gondomar<\/option><option data-ref=\"guimaraes\" data-belong=\"braga\" value=\"guimaraes\"> Guimar\u00e3es<\/option><option data-ref=\"guimaraes-pt\" data-belong=\"\" value=\"guimaraes-pt\"> Guimar\u00e3es<\/option><option data-ref=\"madrid\" data-belong=\"\" value=\"madrid\"> Madrid<\/option><option data-ref=\"marbella\" data-belong=\"\" value=\"marbella\"> Marbella<\/option><option data-ref=\"sevilla\" data-belong=\"\" value=\"sevilla\"> Sevilla<\/option><option data-ref=\"valencia\" data-belong=\"\" value=\"valencia\"> Val\u00e8ncia<\/option>            <\/select>\n        <\/div>\n                            <\/div>\n\n                                        <div class=\"elementor-field-group elementor-column form-group elementor-field-group-d2cd125 elementor-col-33 elementor-field-required\">\n                    <label for=\"form-field-d2cd125\" class=\"form-label elementor-field-label\">&nbsp;<\/label>        <div class=\"elementor-field elementor-select-wrapper\">\n            <select name=\"e_meta[area]\" id=\"form-field-d2cd125\" class=\"elementor-field-textual form-control elementor-size-md\" required=\"required\" title=\"* Seleccionar \u00e1rea\">\n                <option value=\"\">Seleccionar \u00e1rea<\/option>            <\/select>\n        <\/div>\n                            <\/div>\n\n                                        <div class=\"elementor-field-group elementor-column form-group elementor-field-group-9ed83fe elementor-col-33 elementor-field-required\">\n                    <label for=\"form-field-9ed83fe\" class=\"form-label elementor-field-label\">&nbsp;<\/label>        <div class=\"elementor-field elementor-select-wrapper\">\n            <select name=\"e_meta[state]\" id=\"form-field-9ed83fe\" class=\"elementor-field-textual form-control elementor-size-md\" required=\"required\" title=\"* Provincia\">\n                <option value=\"\">Provincia<\/option><option data-ref=\"azurem-guimaraes\" data-belong=\"\" value=\"azurem-guimaraes\"> Azur\u00e9m, Guimar\u00e3es<\/option><option data-ref=\"braga\" data-belong=\"portugal\" value=\"braga\"> Braga<\/option><option data-ref=\"braga-pt\" data-belong=\"\" value=\"braga-pt\"> Braga<\/option><option data-ref=\"guimaraes\" data-belong=\"\" value=\"guimaraes\"> guimaraes<\/option><option data-ref=\"porto\" data-belong=\"portugal\" value=\"porto\"> Porto<\/option>            <\/select>\n        <\/div>\n                            <\/div>\n\n                                        <div class=\"elementor-field-group elementor-column form-group elementor-field-group-28a8adb elementor-col-50 elementor-field-required\">\n                            <div class=\"elementor-field elementor-select-wrapper\">\n            <select name=\"e_meta[country]\" id=\"form-field-28a8adb\" class=\"elementor-field-textual form-control elementor-size-md\" required=\"required\" title=\"* Seleccione el estado\">\n                <option value=\"\">Seleccione el estado<\/option><option data-ref=\"portugal\" value=\"portugal\"> Portugal<\/option><option data-ref=\"portugal-pt\" value=\"portugal-pt\"> Portugal<\/option><option data-ref=\"spain\" value=\"spain\"> Spain<\/option>            <\/select>\n        <\/div>\n                            <\/div>\n\n                                        <div class=\"elementor-field-group elementor-column form-group elementor-field-group-f0ee6fc elementor-col-50 elementor-field-required\">\n                    <input type=\"text\" name=\"e_meta[zipcode]\" id=\"form-field-f0ee6fc\" class=\"elementor-field form-control elementor-size-md elementor-field-textual\" placeholder=\"C\u00f3digo Postal\" title=\"* C\u00f3digo Postal\" required=\"required\">                    <\/div>\n\n                                        <div class=\"elementor-field-group elementor-column form-group elementor-field-group-3180222 elementor-col-100 elementor-field-required\">\n                    <label for=\"form-field-3180222\" class=\"form-label elementor-field-label\">Propiedad<\/label>        <div class=\"elementor-field elementor-select-wrapper\">\n            <select name=\"e_meta[property_type]\" id=\"form-field-3180222\" class=\"elementor-field-textual form-control elementor-size-md\" required=\"required\" title=\"* Propiedad\">\n                <option value=\"\">Tipolog\u00eda<\/option><option value=\"andar-moradia\"> Andar moradia<\/option><option value=\"apartamento\"> Apartamento<\/option><option value=\"apartament\"> Apartment<\/option><option value=\"casa\"> Casa<\/option><option value=\"casa-terrea\"> Casa t\u00e9rrea<\/option><option value=\"estudio\"> Est\u00fadio<\/option><option value=\"residencia\"> Resid\u00eancia<\/option><option value=\"residential\"> Residential<\/option><option value=\"single-home\"> Single family Home<\/option><option value=\"studio\"> Studio<\/option><option value=\"terraced-house\"> Terraced house<\/option><option value=\"vila\"> Vila<\/option><option value=\"villa\"> Villa<\/option>            <\/select>\n        <\/div>\n                            <\/div>\n\n                                        <div class=\"elementor-field-group elementor-column form-group elementor-field-group-c549d17 elementor-col-50 elementor-field-required\">\n                    <input type=\"number\" name=\"e_meta[max-price]\" id=\"form-field-c549d17\" class=\"elementor-field form-control elementor-size-md elementor-field-textual\" placeholder=\"Precio m\u00e1ximo\" title=\"* Precio m\u00e1ximo\" required=\"required\" min=\"0\">                    <\/div>\n\n                                        <div class=\"elementor-field-group elementor-column form-group elementor-field-group-e08cbcb elementor-col-50 elementor-field-required\">\n                    <input type=\"number\" name=\"e_meta[area-size]\" id=\"form-field-e08cbcb\" class=\"elementor-field form-control elementor-size-md elementor-field-textual\" placeholder=\"Talla minima\" title=\"* Talla minima\" required=\"required\" min=\"0\">                    <\/div>\n\n                                        <div class=\"elementor-field-group elementor-column form-group elementor-field-group-66cc0de elementor-col-50 elementor-field-required\">\n                    <input type=\"number\" name=\"e_meta[beds]\" id=\"form-field-66cc0de\" class=\"elementor-field form-control elementor-size-md elementor-field-textual\" placeholder=\"N\u00famero de habitaciones\" title=\"* N\u00famero de habitaciones\" required=\"required\" min=\"0\">                    <\/div>\n\n                                        <div class=\"elementor-field-group elementor-column form-group elementor-field-group-dea086f elementor-col-50 elementor-field-required\">\n                    <input type=\"number\" name=\"e_meta[baths]\" id=\"form-field-dea086f\" class=\"elementor-field form-control elementor-size-md elementor-field-textual\" placeholder=\"Cantidad de ba\u00f1os\" title=\"* Cantidad de ba\u00f1os\" required=\"required\" min=\"0\">                    <\/div>\n\n                                        <div class=\"elementor-field-group elementor-column form-group elementor-field-group-95c61a9 elementor-col-100\">\n                    <label for=\"form-field-95c61a9\" class=\"form-label elementor-field-label\">Mensaje<\/label><textarea class=\"elementor-field-textual elementor-field elementor-size-md\" name=\"message\" id=\"form-field-95c61a9\" rows=\"4\"><\/textarea>                    <\/div>\n\n                    \n                    \n                                        <div class=\"form-group elementor-field-group elementor-col-100\">\n                        <label class=\"control control--checkbox m-0 \">\n                                                        <input required type=\"checkbox\" name=\"gdpr_agreement\" id=\"gdpr_agreement\" aria-required=\"true\">\n                            <span class=\"control__indicator\"><\/span>\n                                                        <div class=\"gdpr-text-wrap\">\n                            Doy mi consentimiento para que este sitio web almacene la informaci\u00f3n enviada                            <\/div>\n                            \n                        <\/label>\n                    <\/div><!-- form-group -->\n                    \n                    \n                                        <div class=\"elementor-field-group \">\n                                            <\/div>\n                    \n                    <div class=\"elementor-field-group elementor-column elementor-field-type-submit elementor-col-100\">\n                    <button type=\"submit\" class=\"houzez-submit-button houzez-contact-form-js elementor-button elementor-size-md\">\n                        <i class=\"houzez-loader-js houzez-hidden spinner-border spinner-border-sm\"><\/i>\n                                                    Entregar                                            <\/button>\n                <\/div>\n            <\/div><!-- End wrapper-->\n            <br\/>\n            <div class=\"ele-form-messages\"><\/div>\n            <div class=\"error-container\"><\/div>\n\n        <\/form>\n\n    \t\t\t\t<\/div>\n\t\t\t\t<\/div>\n\t\t\t\t\t<\/div>\n\t\t<\/div>\n\t\t\t\t\t<\/div>\n\t\t<\/section>\n\t\t\t\t<div class=\"elementor-element elementor-element-eb5dd10 elementor-widget elementor-widget-spacer\" data-id=\"eb5dd10\" data-element_type=\"widget\" data-widget_type=\"spacer.default\">\n\t\t\t\t<div class=\"elementor-widget-container\">\n\t\t\t\t\t\t\t<div class=\"elementor-spacer\">\n\t\t\t<div class=\"elementor-spacer-inner\"><\/div>\n\t\t<\/div>\n\t\t\t\t\t\t<\/div>\n\t\t\t\t<\/div>\n\t\t\t\t\t<\/div>\n\t\t<\/div>\n\t\t\t\t\t<\/div>\n\t\t<\/section>\n\t\t\t\t<\/div>\n\t\t","protected":false},"excerpt":{"rendered":"<p>Formulario de solicitud personalizado El widget de formulario de solicitud le permite dise\u00f1ar formularios \u00fanicos para capturar sus clientes potenciales. Este m\u00f3dulo se conecta autom\u00e1ticamente al CRM integrado de Houzez y a su bandeja de entrada para mantener todo bajo control. Tipo de solicitud SeleccionarPurchase Rent Sell Miss Evaluation Mortgage Informaci\u00f3n SeleccionarSono un agenteSono un [&hellip;]<\/p>\n","protected":false},"author":1,"featured_media":0,"parent":0,"menu_order":0,"comment_status":"closed","ping_status":"closed","template":"template\/template-homepage.php","meta":{"_monsterinsights_skip_tracking":false,"_monsterinsights_sitenote_active":false,"_monsterinsights_sitenote_note":"","_monsterinsights_sitenote_category":0,"_uf_show_specific_survey":0,"_uf_disable_surveys":false,"footnotes":""},"class_list":["post-17149","page","type-page","status-publish","hentry"],"yoast_head":"<!-- This site is optimized with the Yoast SEO plugin v26.6 - https:\/\/yoast.com\/wordpress\/plugins\/seo\/ -->\n<title>Form<\/title>\n<meta name=\"robots\" content=\"index, follow, max-snippet:-1, max-image-preview:large, max-video-preview:-1\" \/>\n<link rel=\"canonical\" href=\"https:\/\/jsmhomeservices.com\/index.php\/en\/inquiry-form\/\" \/>\n<meta property=\"og:locale\" content=\"pt_PT\" \/>\n<meta property=\"og:type\" content=\"article\" \/>\n<meta property=\"og:title\" content=\"Form\" \/>\n<meta property=\"og:description\" content=\"Formulario de solicitud personalizado El widget de formulario de solicitud le permite dise\u00f1ar formularios \u00fanicos para capturar sus clientes potenciales. Este m\u00f3dulo se conecta autom\u00e1ticamente al CRM integrado de Houzez y a su bandeja de entrada para mantener todo bajo control. Tipo de solicitud SeleccionarPurchase Rent Sell Miss Evaluation Mortgage Informaci\u00f3n SeleccionarSono un agenteSono un [&hellip;]\" \/>\n<meta property=\"og:url\" content=\"https:\/\/jsmhomeservices.com\/index.php\/en\/inquiry-form\/\" \/>\n<meta property=\"og:site_name\" content=\"JSM Services\" \/>\n<meta name=\"twitter:card\" content=\"summary_large_image\" \/>\n<meta name=\"twitter:label1\" content=\"Tempo estimado de leitura\" \/>\n\t<meta name=\"twitter:data1\" content=\"1 minuto\" \/>\n<script type=\"application\/ld+json\" class=\"yoast-schema-graph\">{\"@context\":\"https:\/\/schema.org\",\"@graph\":[{\"@type\":\"WebPage\",\"@id\":\"https:\/\/jsmhomeservices.com\/index.php\/en\/inquiry-form\/\",\"url\":\"https:\/\/jsmhomeservices.com\/index.php\/en\/inquiry-form\/\",\"name\":\"Form\",\"isPartOf\":{\"@id\":\"https:\/\/jsmhomeservices.com\/#website\"},\"datePublished\":\"2020-03-02T23:33:27+00:00\",\"breadcrumb\":{\"@id\":\"https:\/\/jsmhomeservices.com\/index.php\/en\/inquiry-form\/#breadcrumb\"},\"inLanguage\":\"pt-PT\",\"potentialAction\":[{\"@type\":\"ReadAction\",\"target\":[\"https:\/\/jsmhomeservices.com\/index.php\/en\/inquiry-form\/\"]}]},{\"@type\":\"BreadcrumbList\",\"@id\":\"https:\/\/jsmhomeservices.com\/index.php\/en\/inquiry-form\/#breadcrumb\",\"itemListElement\":[{\"@type\":\"ListItem\",\"position\":1,\"name\":\"In\u00edcio\",\"item\":\"https:\/\/jsmhomeservices.com\/\"},{\"@type\":\"ListItem\",\"position\":2,\"name\":\"Inquiry Form\"}]},{\"@type\":\"WebSite\",\"@id\":\"https:\/\/jsmhomeservices.com\/#website\",\"url\":\"https:\/\/jsmhomeservices.com\/\",\"name\":\"JSM Services\",\"description\":\"Servi\u00e7os de limpeza, gest\u00e3o de condom\u00ednios e venda e compra de im\u00f3veis\",\"publisher\":{\"@id\":\"https:\/\/jsmhomeservices.com\/#organization\"},\"potentialAction\":[{\"@type\":\"SearchAction\",\"target\":{\"@type\":\"EntryPoint\",\"urlTemplate\":\"https:\/\/jsmhomeservices.com\/?s={search_term_string}\"},\"query-input\":{\"@type\":\"PropertyValueSpecification\",\"valueRequired\":true,\"valueName\":\"search_term_string\"}}],\"inLanguage\":\"pt-PT\"},{\"@type\":\"Organization\",\"@id\":\"https:\/\/jsmhomeservices.com\/#organization\",\"name\":\"JSM Services\",\"url\":\"https:\/\/jsmhomeservices.com\/\",\"logo\":{\"@type\":\"ImageObject\",\"inLanguage\":\"pt-PT\",\"@id\":\"https:\/\/jsmhomeservices.com\/#\/schema\/logo\/image\/\",\"url\":\"https:\/\/jsmhomeservices.com\/wp-content\/uploads\/2025\/12\/WhatsApp-Image-2025-12-16-at-20.44.16.jpeg\",\"contentUrl\":\"https:\/\/jsmhomeservices.com\/wp-content\/uploads\/2025\/12\/WhatsApp-Image-2025-12-16-at-20.44.16.jpeg\",\"width\":1537,\"height\":440,\"caption\":\"JSM Services\"},\"image\":{\"@id\":\"https:\/\/jsmhomeservices.com\/#\/schema\/logo\/image\/\"}}]}<\/script>\n<!-- \/ Yoast SEO plugin. -->","yoast_head_json":{"title":"Form","robots":{"index":"index","follow":"follow","max-snippet":"max-snippet:-1","max-image-preview":"max-image-preview:large","max-video-preview":"max-video-preview:-1"},"canonical":"https:\/\/jsmhomeservices.com\/index.php\/en\/inquiry-form\/","og_locale":"pt_PT","og_type":"article","og_title":"Form","og_description":"Formulario de solicitud personalizado El widget de formulario de solicitud le permite dise\u00f1ar formularios \u00fanicos para capturar sus clientes potenciales. Este m\u00f3dulo se conecta autom\u00e1ticamente al CRM integrado de Houzez y a su bandeja de entrada para mantener todo bajo control. Tipo de solicitud SeleccionarPurchase Rent Sell Miss Evaluation Mortgage Informaci\u00f3n SeleccionarSono un agenteSono un [&hellip;]","og_url":"https:\/\/jsmhomeservices.com\/index.php\/en\/inquiry-form\/","og_site_name":"JSM Services","twitter_card":"summary_large_image","twitter_misc":{"Tempo estimado de leitura":"1 minuto"},"schema":{"@context":"https:\/\/schema.org","@graph":[{"@type":"WebPage","@id":"https:\/\/jsmhomeservices.com\/index.php\/en\/inquiry-form\/","url":"https:\/\/jsmhomeservices.com\/index.php\/en\/inquiry-form\/","name":"Form","isPartOf":{"@id":"https:\/\/jsmhomeservices.com\/#website"},"datePublished":"2020-03-02T23:33:27+00:00","breadcrumb":{"@id":"https:\/\/jsmhomeservices.com\/index.php\/en\/inquiry-form\/#breadcrumb"},"inLanguage":"pt-PT","potentialAction":[{"@type":"ReadAction","target":["https:\/\/jsmhomeservices.com\/index.php\/en\/inquiry-form\/"]}]},{"@type":"BreadcrumbList","@id":"https:\/\/jsmhomeservices.com\/index.php\/en\/inquiry-form\/#breadcrumb","itemListElement":[{"@type":"ListItem","position":1,"name":"In\u00edcio","item":"https:\/\/jsmhomeservices.com\/"},{"@type":"ListItem","position":2,"name":"Inquiry Form"}]},{"@type":"WebSite","@id":"https:\/\/jsmhomeservices.com\/#website","url":"https:\/\/jsmhomeservices.com\/","name":"JSM Services","description":"Servi\u00e7os de limpeza, gest\u00e3o de condom\u00ednios e venda e compra de im\u00f3veis","publisher":{"@id":"https:\/\/jsmhomeservices.com\/#organization"},"potentialAction":[{"@type":"SearchAction","target":{"@type":"EntryPoint","urlTemplate":"https:\/\/jsmhomeservices.com\/?s={search_term_string}"},"query-input":{"@type":"PropertyValueSpecification","valueRequired":true,"valueName":"search_term_string"}}],"inLanguage":"pt-PT"},{"@type":"Organization","@id":"https:\/\/jsmhomeservices.com\/#organization","name":"JSM Services","url":"https:\/\/jsmhomeservices.com\/","logo":{"@type":"ImageObject","inLanguage":"pt-PT","@id":"https:\/\/jsmhomeservices.com\/#\/schema\/logo\/image\/","url":"https:\/\/jsmhomeservices.com\/wp-content\/uploads\/2025\/12\/WhatsApp-Image-2025-12-16-at-20.44.16.jpeg","contentUrl":"https:\/\/jsmhomeservices.com\/wp-content\/uploads\/2025\/12\/WhatsApp-Image-2025-12-16-at-20.44.16.jpeg","width":1537,"height":440,"caption":"JSM Services"},"image":{"@id":"https:\/\/jsmhomeservices.com\/#\/schema\/logo\/image\/"}}]}},"_hostinger_reach_plugin_has_subscription_block":false,"_hostinger_reach_plugin_is_elementor":false,"_links":{"self":[{"href":"https:\/\/jsmhomeservices.com\/index.php\/wp-json\/wp\/v2\/pages\/17149","targetHints":{"allow":["GET"]}}],"collection":[{"href":"https:\/\/jsmhomeservices.com\/index.php\/wp-json\/wp\/v2\/pages"}],"about":[{"href":"https:\/\/jsmhomeservices.com\/index.php\/wp-json\/wp\/v2\/types\/page"}],"author":[{"embeddable":true,"href":"https:\/\/jsmhomeservices.com\/index.php\/wp-json\/wp\/v2\/users\/1"}],"replies":[{"embeddable":true,"href":"https:\/\/jsmhomeservices.com\/index.php\/wp-json\/wp\/v2\/comments?post=17149"}],"version-history":[{"count":0,"href":"https:\/\/jsmhomeservices.com\/index.php\/wp-json\/wp\/v2\/pages\/17149\/revisions"}],"wp:attachment":[{"href":"https:\/\/jsmhomeservices.com\/index.php\/wp-json\/wp\/v2\/media?parent=17149"}],"curies":[{"name":"wp","href":"https:\/\/api.w.org\/{rel}","templated":true}]}}