{"id":17424,"date":"2020-04-06T14:39:49","date_gmt":"2020-04-06T14:39:49","guid":{"rendered":"https:\/\/demo34.houzez.co\/?page_id=17424"},"modified":"2023-08-01T18:00:22","modified_gmt":"2023-08-01T18:00:22","slug":"grid-builder","status":"publish","type":"page","link":"https:\/\/jsmhomeservices.com\/index.php\/en\/grid-builder\/","title":{"rendered":"Grid builder"},"content":{"rendered":"\t\t<div data-elementor-type=\"wp-page\" data-elementor-id=\"17424\" class=\"elementor elementor-17424\">\n\t\t\t\t\t\t<section class=\"elementor-section elementor-top-section elementor-element elementor-element-d6a44ff elementor-section-boxed elementor-section-height-default elementor-section-height-default\" data-id=\"d6a44ff\" data-element_type=\"section\">\n\t\t\t\t\t\t<div class=\"elementor-container elementor-column-gap-default\">\n\t\t\t\t\t<div class=\"elementor-column elementor-col-100 elementor-top-column elementor-element elementor-element-c0f5c47\" data-id=\"c0f5c47\" data-element_type=\"column\">\n\t\t\t<div class=\"elementor-widget-wrap elementor-element-populated\">\n\t\t\t\t\t\t<section class=\"elementor-section elementor-inner-section elementor-element elementor-element-631bf8e elementor-section-boxed elementor-section-height-default elementor-section-height-default\" data-id=\"631bf8e\" data-element_type=\"section\">\n\t\t\t\t\t\t<div class=\"elementor-container elementor-column-gap-default\">\n\t\t\t\t\t<div class=\"elementor-column elementor-col-33 elementor-inner-column elementor-element elementor-element-9543d06\" data-id=\"9543d06\" data-element_type=\"column\">\n\t\t\t<div class=\"elementor-widget-wrap elementor-element-populated\">\n\t\t\t\t\t\t<div class=\"elementor-element elementor-element-b9bc5ee elementor-widget elementor-widget-Houzez_elementor_grid_builder\" data-id=\"b9bc5ee\" data-element_type=\"widget\" data-widget_type=\"Houzez_elementor_grid_builder.default\">\n\t\t\t\t<div class=\"elementor-widget-container\">\n\t\t\t\t\t\n        <div class=\"grid-item  grid-item-v2\" data-ratio=\"square\" style=\"background-image: url()\">\n            <a class=\"grid-item-link hover-effect-flat\"  href=\"\">\n                <div class=\"grid-item-text-wrap d-flex flex-column justify-content-between w-100 h-100\">\n                    <div class=\"d-flex flex-column\">\n                        \n                                            <\/div>\n                    \n                                    <\/div><!-- taxonomy-text-wrap -->\n            <\/a>\n        <\/div>\n        \n        \t\t\t\t<\/div>\n\t\t\t\t<\/div>\n\t\t\t\t\t<\/div>\n\t\t<\/div>\n\t\t\t\t<div class=\"elementor-column elementor-col-33 elementor-inner-column elementor-element elementor-element-99d234b\" data-id=\"99d234b\" data-element_type=\"column\">\n\t\t\t<div class=\"elementor-widget-wrap\">\n\t\t\t\t\t\t\t<\/div>\n\t\t<\/div>\n\t\t\t\t<div class=\"elementor-column elementor-col-33 elementor-inner-column elementor-element elementor-element-50e08f4\" data-id=\"50e08f4\" data-element_type=\"column\">\n\t\t\t<div class=\"elementor-widget-wrap\">\n\t\t\t\t\t\t\t<\/div>\n\t\t<\/div>\n\t\t\t\t\t<\/div>\n\t\t<\/section>\n\t\t\t\t\t<\/div>\n\t\t<\/div>\n\t\t\t\t\t<\/div>\n\t\t<\/section>\n\t\t\t\t<\/div>\n\t\t","protected":false},"excerpt":{"rendered":"","protected":false},"author":1,"featured_media":0,"parent":0,"menu_order":0,"comment_status":"closed","ping_status":"closed","template":"template\/template-homepage.php","meta":{"_monsterinsights_skip_tracking":false,"_monsterinsights_sitenote_active":false,"_monsterinsights_sitenote_note":"","_monsterinsights_sitenote_category":0,"_uf_show_specific_survey":0,"_uf_disable_surveys":false,"footnotes":""},"class_list":["post-17424","page","type-page","status-publish","hentry"],"yoast_head":"<!-- This site is optimized with the Yoast SEO plugin v26.6 - https:\/\/yoast.com\/wordpress\/plugins\/seo\/ -->\n<title>Grid<\/title>\n<meta name=\"robots\" content=\"index, follow, max-snippet:-1, max-image-preview:large, max-video-preview:-1\" \/>\n<link rel=\"canonical\" href=\"https:\/\/jsmhomeservices.com\/index.php\/en\/grid-builder\/\" \/>\n<meta property=\"og:locale\" content=\"pt_PT\" \/>\n<meta property=\"og:type\" content=\"article\" \/>\n<meta property=\"og:title\" content=\"Grid\" \/>\n<meta property=\"og:url\" content=\"https:\/\/jsmhomeservices.com\/index.php\/en\/grid-builder\/\" \/>\n<meta property=\"og:site_name\" content=\"JSM Services\" \/>\n<meta property=\"article:modified_time\" content=\"2023-08-01T18:00:22+00:00\" \/>\n<meta name=\"twitter:card\" content=\"summary_large_image\" \/>\n<script type=\"application\/ld+json\" class=\"yoast-schema-graph\">{\"@context\":\"https:\/\/schema.org\",\"@graph\":[{\"@type\":\"WebPage\",\"@id\":\"https:\/\/jsmhomeservices.com\/index.php\/en\/grid-builder\/\",\"url\":\"https:\/\/jsmhomeservices.com\/index.php\/en\/grid-builder\/\",\"name\":\"Grid\",\"isPartOf\":{\"@id\":\"https:\/\/jsmhomeservices.com\/#website\"},\"datePublished\":\"2020-04-06T14:39:49+00:00\",\"dateModified\":\"2023-08-01T18:00:22+00:00\",\"breadcrumb\":{\"@id\":\"https:\/\/jsmhomeservices.com\/index.php\/en\/grid-builder\/#breadcrumb\"},\"inLanguage\":\"pt-PT\",\"potentialAction\":[{\"@type\":\"ReadAction\",\"target\":[\"https:\/\/jsmhomeservices.com\/index.php\/en\/grid-builder\/\"]}]},{\"@type\":\"BreadcrumbList\",\"@id\":\"https:\/\/jsmhomeservices.com\/index.php\/en\/grid-builder\/#breadcrumb\",\"itemListElement\":[{\"@type\":\"ListItem\",\"position\":1,\"name\":\"In\u00edcio\",\"item\":\"https:\/\/jsmhomeservices.com\/\"},{\"@type\":\"ListItem\",\"position\":2,\"name\":\"Grid builder\"}]},{\"@type\":\"WebSite\",\"@id\":\"https:\/\/jsmhomeservices.com\/#website\",\"url\":\"https:\/\/jsmhomeservices.com\/\",\"name\":\"JSM Services\",\"description\":\"Servi\u00e7os de limpeza, gest\u00e3o de condom\u00ednios e venda e compra de im\u00f3veis\",\"publisher\":{\"@id\":\"https:\/\/jsmhomeservices.com\/#organization\"},\"potentialAction\":[{\"@type\":\"SearchAction\",\"target\":{\"@type\":\"EntryPoint\",\"urlTemplate\":\"https:\/\/jsmhomeservices.com\/?s={search_term_string}\"},\"query-input\":{\"@type\":\"PropertyValueSpecification\",\"valueRequired\":true,\"valueName\":\"search_term_string\"}}],\"inLanguage\":\"pt-PT\"},{\"@type\":\"Organization\",\"@id\":\"https:\/\/jsmhomeservices.com\/#organization\",\"name\":\"JSM Services\",\"url\":\"https:\/\/jsmhomeservices.com\/\",\"logo\":{\"@type\":\"ImageObject\",\"inLanguage\":\"pt-PT\",\"@id\":\"https:\/\/jsmhomeservices.com\/#\/schema\/logo\/image\/\",\"url\":\"https:\/\/jsmhomeservices.com\/wp-content\/uploads\/2025\/12\/WhatsApp-Image-2025-12-16-at-20.44.16.jpeg\",\"contentUrl\":\"https:\/\/jsmhomeservices.com\/wp-content\/uploads\/2025\/12\/WhatsApp-Image-2025-12-16-at-20.44.16.jpeg\",\"width\":1537,\"height\":440,\"caption\":\"JSM Services\"},\"image\":{\"@id\":\"https:\/\/jsmhomeservices.com\/#\/schema\/logo\/image\/\"}}]}<\/script>\n<!-- \/ Yoast SEO plugin. -->","yoast_head_json":{"title":"Grid","robots":{"index":"index","follow":"follow","max-snippet":"max-snippet:-1","max-image-preview":"max-image-preview:large","max-video-preview":"max-video-preview:-1"},"canonical":"https:\/\/jsmhomeservices.com\/index.php\/en\/grid-builder\/","og_locale":"pt_PT","og_type":"article","og_title":"Grid","og_url":"https:\/\/jsmhomeservices.com\/index.php\/en\/grid-builder\/","og_site_name":"JSM Services","article_modified_time":"2023-08-01T18:00:22+00:00","twitter_card":"summary_large_image","schema":{"@context":"https:\/\/schema.org","@graph":[{"@type":"WebPage","@id":"https:\/\/jsmhomeservices.com\/index.php\/en\/grid-builder\/","url":"https:\/\/jsmhomeservices.com\/index.php\/en\/grid-builder\/","name":"Grid","isPartOf":{"@id":"https:\/\/jsmhomeservices.com\/#website"},"datePublished":"2020-04-06T14:39:49+00:00","dateModified":"2023-08-01T18:00:22+00:00","breadcrumb":{"@id":"https:\/\/jsmhomeservices.com\/index.php\/en\/grid-builder\/#breadcrumb"},"inLanguage":"pt-PT","potentialAction":[{"@type":"ReadAction","target":["https:\/\/jsmhomeservices.com\/index.php\/en\/grid-builder\/"]}]},{"@type":"BreadcrumbList","@id":"https:\/\/jsmhomeservices.com\/index.php\/en\/grid-builder\/#breadcrumb","itemListElement":[{"@type":"ListItem","position":1,"name":"In\u00edcio","item":"https:\/\/jsmhomeservices.com\/"},{"@type":"ListItem","position":2,"name":"Grid builder"}]},{"@type":"WebSite","@id":"https:\/\/jsmhomeservices.com\/#website","url":"https:\/\/jsmhomeservices.com\/","name":"JSM Services","description":"Servi\u00e7os de limpeza, gest\u00e3o de condom\u00ednios e venda e compra de im\u00f3veis","publisher":{"@id":"https:\/\/jsmhomeservices.com\/#organization"},"potentialAction":[{"@type":"SearchAction","target":{"@type":"EntryPoint","urlTemplate":"https:\/\/jsmhomeservices.com\/?s={search_term_string}"},"query-input":{"@type":"PropertyValueSpecification","valueRequired":true,"valueName":"search_term_string"}}],"inLanguage":"pt-PT"},{"@type":"Organization","@id":"https:\/\/jsmhomeservices.com\/#organization","name":"JSM Services","url":"https:\/\/jsmhomeservices.com\/","logo":{"@type":"ImageObject","inLanguage":"pt-PT","@id":"https:\/\/jsmhomeservices.com\/#\/schema\/logo\/image\/","url":"https:\/\/jsmhomeservices.com\/wp-content\/uploads\/2025\/12\/WhatsApp-Image-2025-12-16-at-20.44.16.jpeg","contentUrl":"https:\/\/jsmhomeservices.com\/wp-content\/uploads\/2025\/12\/WhatsApp-Image-2025-12-16-at-20.44.16.jpeg","width":1537,"height":440,"caption":"JSM Services"},"image":{"@id":"https:\/\/jsmhomeservices.com\/#\/schema\/logo\/image\/"}}]}},"_hostinger_reach_plugin_has_subscription_block":false,"_hostinger_reach_plugin_is_elementor":false,"_links":{"self":[{"href":"https:\/\/jsmhomeservices.com\/index.php\/wp-json\/wp\/v2\/pages\/17424","targetHints":{"allow":["GET"]}}],"collection":[{"href":"https:\/\/jsmhomeservices.com\/index.php\/wp-json\/wp\/v2\/pages"}],"about":[{"href":"https:\/\/jsmhomeservices.com\/index.php\/wp-json\/wp\/v2\/types\/page"}],"author":[{"embeddable":true,"href":"https:\/\/jsmhomeservices.com\/index.php\/wp-json\/wp\/v2\/users\/1"}],"replies":[{"embeddable":true,"href":"https:\/\/jsmhomeservices.com\/index.php\/wp-json\/wp\/v2\/comments?post=17424"}],"version-history":[{"count":13,"href":"https:\/\/jsmhomeservices.com\/index.php\/wp-json\/wp\/v2\/pages\/17424\/revisions"}],"predecessor-version":[{"id":19839,"href":"https:\/\/jsmhomeservices.com\/index.php\/wp-json\/wp\/v2\/pages\/17424\/revisions\/19839"}],"wp:attachment":[{"href":"https:\/\/jsmhomeservices.com\/index.php\/wp-json\/wp\/v2\/media?parent=17424"}],"curies":[{"name":"wp","href":"https:\/\/api.w.org\/{rel}","templated":true}]}}