{"id":20193,"date":"2023-09-07T21:25:59","date_gmt":"2023-09-07T21:25:59","guid":{"rendered":"https:\/\/jsmhomeservices.com\/?page_id=20193"},"modified":"2025-12-18T13:50:55","modified_gmt":"2025-12-18T13:50:55","slug":"servicos-de-limpeza","status":"publish","type":"page","link":"https:\/\/jsmhomeservices.com\/index.php\/servicos-de-limpeza\/","title":{"rendered":"Servi\u00e7os de limpeza"},"content":{"rendered":"\t\t<div data-elementor-type=\"wp-page\" data-elementor-id=\"20193\" class=\"elementor elementor-20193\">\n\t\t\t\t\t\t<section class=\"elementor-section elementor-top-section elementor-element elementor-element-8d87928 elementor-section-boxed elementor-section-height-default elementor-section-height-default\" data-id=\"8d87928\" data-element_type=\"section\" data-settings=\"{&quot;background_background&quot;:&quot;classic&quot;}\">\n\t\t\t\t\t\t<div class=\"elementor-container elementor-column-gap-default\">\n\t\t\t\t\t<div class=\"elementor-column elementor-col-100 elementor-top-column elementor-element elementor-element-034a441\" data-id=\"034a441\" data-element_type=\"column\">\n\t\t\t<div class=\"elementor-widget-wrap elementor-element-populated\">\n\t\t\t\t\t\t<div class=\"elementor-element elementor-element-08b8e4e elementor-widget elementor-widget-heading\" data-id=\"08b8e4e\" data-element_type=\"widget\" data-widget_type=\"heading.default\">\n\t\t\t\t<div class=\"elementor-widget-container\">\n\t\t\t\t\t<h2 class=\"elementor-heading-title elementor-size-default\">Servi\u00e7os de Limpeza<\/h2>\t\t\t\t<\/div>\n\t\t\t\t<\/div>\n\t\t\t\t<div class=\"elementor-element elementor-element-79946a1 elementor-widget elementor-widget-text-editor\" data-id=\"79946a1\" data-element_type=\"widget\" data-widget_type=\"text-editor.default\">\n\t\t\t\t<div class=\"elementor-widget-container\">\n\t\t\t\t\t\t\t\t\t<p><\/p>\n<blockquote>\n<p>Deixe-nos cuidar da limpeza para que se possa concentrar no que \u00e9 mais importante.<\/p>\n<\/blockquote>\n<p><\/p>\t\t\t\t\t\t\t\t<\/div>\n\t\t\t\t<\/div>\n\t\t\t\t\t<\/div>\n\t\t<\/div>\n\t\t\t\t\t<\/div>\n\t\t<\/section>\n\t\t\t\t<section class=\"elementor-section elementor-top-section elementor-element elementor-element-7fe3656 elementor-section-full_width elementor-section-height-default elementor-section-height-default\" data-id=\"7fe3656\" data-element_type=\"section\" data-settings=\"{&quot;background_background&quot;:&quot;classic&quot;}\">\n\t\t\t\t\t\t<div class=\"elementor-container elementor-column-gap-default\">\n\t\t\t\t\t<div class=\"elementor-column elementor-col-100 elementor-top-column elementor-element elementor-element-7128bc4\" data-id=\"7128bc4\" data-element_type=\"column\">\n\t\t\t<div class=\"elementor-widget-wrap elementor-element-populated\">\n\t\t\t\t\t\t<div class=\"elementor-element elementor-element-b699c5c elementor-widget elementor-widget-image\" data-id=\"b699c5c\" data-element_type=\"widget\" data-widget_type=\"image.default\">\n\t\t\t\t<div class=\"elementor-widget-container\">\n\t\t\t\t\t\t\t\t\t\t\t\t\t\t\t<img decoding=\"async\" width=\"100\" height=\"100\" src=\"https:\/\/jsmhomeservices.com\/wp-content\/uploads\/2023\/08\/jsmservices_cleaningservices-1.svg\" class=\"attachment-large size-large wp-image-20100\" alt=\"\" \/>\t\t\t\t\t\t\t\t\t\t\t\t\t\t\t<\/div>\n\t\t\t\t<\/div>\n\t\t\t\t\t<\/div>\n\t\t<\/div>\n\t\t\t\t\t<\/div>\n\t\t<\/section>\n\t\t\t\t<section class=\"elementor-section elementor-top-section elementor-element elementor-element-35cfadd4 elementor-section-boxed elementor-section-height-default elementor-section-height-default\" data-id=\"35cfadd4\" data-element_type=\"section\" data-settings=\"{&quot;background_background&quot;:&quot;classic&quot;}\">\n\t\t\t\t\t\t<div class=\"elementor-container elementor-column-gap-default\">\n\t\t\t\t\t<div class=\"elementor-column elementor-col-33 elementor-top-column elementor-element elementor-element-6b98b838\" data-id=\"6b98b838\" data-element_type=\"column\">\n\t\t\t<div class=\"elementor-widget-wrap elementor-element-populated\">\n\t\t\t\t\t\t<div class=\"elementor-element elementor-element-1affba6 elementor-widget elementor-widget-heading\" data-id=\"1affba6\" data-element_type=\"widget\" data-widget_type=\"heading.default\">\n\t\t\t\t<div class=\"elementor-widget-container\">\n\t\t\t\t\t<h4 class=\"elementor-heading-title elementor-size-default\">O nosso objetivo<\/h4>\t\t\t\t<\/div>\n\t\t\t\t<\/div>\n\t\t\t\t\t<\/div>\n\t\t<\/div>\n\t\t\t\t<div class=\"elementor-column elementor-col-66 elementor-top-column elementor-element elementor-element-d0e5849\" data-id=\"d0e5849\" data-element_type=\"column\">\n\t\t\t<div class=\"elementor-widget-wrap elementor-element-populated\">\n\t\t\t\t\t\t<div class=\"elementor-element elementor-element-9d34cc5 elementor-widget elementor-widget-text-editor\" data-id=\"9d34cc5\" data-element_type=\"widget\" data-widget_type=\"text-editor.default\">\n\t\t\t\t<div class=\"elementor-widget-container\">\n\t\t\t\t\t\t\t\t\t\n<blockquote>\n<p>O nosso objetivo \u00e9 fornecer aos nossos clientes servi\u00e7os de limpeza da mais alta qualidade poss\u00edvel. Queremos fazer da sua casa ou escrit\u00f3rio um espa\u00e7o limpo e confort\u00e1vel onde possa relaxar e ser produtivo.<\/p>\n<p>Utilizamos apenas os melhores produtos e m\u00e9todos de limpeza para garantir que o seu espa\u00e7o fique totalmente limpo. Tamb\u00e9m dedicamos tempo para entender as suas necessidades espec\u00edficas para que possamos adaptar o nossos servi\u00e7os.<\/p>\n<\/blockquote>\n\t\t\t\t\t\t\t\t<\/div>\n\t\t\t\t<\/div>\n\t\t\t\t\t<\/div>\n\t\t<\/div>\n\t\t\t\t\t<\/div>\n\t\t<\/section>\n\t\t\t\t<section class=\"elementor-section elementor-top-section elementor-element elementor-element-fea1b92 elementor-section-boxed elementor-section-height-default elementor-section-height-default\" data-id=\"fea1b92\" data-element_type=\"section\" data-settings=\"{&quot;background_background&quot;:&quot;classic&quot;}\">\n\t\t\t\t\t\t<div class=\"elementor-container elementor-column-gap-default\">\n\t\t\t\t\t<div class=\"elementor-column elementor-col-100 elementor-top-column elementor-element elementor-element-0ecc8cd\" data-id=\"0ecc8cd\" data-element_type=\"column\">\n\t\t\t<div class=\"elementor-widget-wrap elementor-element-populated\">\n\t\t\t\t\t\t<div class=\"elementor-element elementor-element-6dcf721 elementor-widget elementor-widget-text-editor\" data-id=\"6dcf721\" data-element_type=\"widget\" data-widget_type=\"text-editor.default\">\n\t\t\t\t<div class=\"elementor-widget-container\">\n\t\t\t\t\t\t\t\t\t<p><\/p>\n<blockquote>\n<p>Temos o compromisso de oferecer aos nossos clientes a melhor experi\u00eancia poss\u00edvel.<\/p>\n<\/blockquote>\n<p><\/p>\t\t\t\t\t\t\t\t<\/div>\n\t\t\t\t<\/div>\n\t\t\t\t\t<\/div>\n\t\t<\/div>\n\t\t\t\t\t<\/div>\n\t\t<\/section>\n\t\t\t\t<section class=\"elementor-section elementor-top-section elementor-element elementor-element-a855ee2 elementor-section-boxed elementor-section-height-default elementor-section-height-default\" data-id=\"a855ee2\" data-element_type=\"section\" data-settings=\"{&quot;background_background&quot;:&quot;classic&quot;}\">\n\t\t\t\t\t\t<div class=\"elementor-container elementor-column-gap-default\">\n\t\t\t\t\t<div class=\"elementor-column elementor-col-100 elementor-top-column elementor-element elementor-element-dcf7efe\" data-id=\"dcf7efe\" data-element_type=\"column\">\n\t\t\t<div class=\"elementor-widget-wrap elementor-element-populated\">\n\t\t\t\t\t\t<div class=\"elementor-element elementor-element-9627f74 elementor-widget elementor-widget-text-editor\" data-id=\"9627f74\" data-element_type=\"widget\" data-widget_type=\"text-editor.default\">\n\t\t\t\t<div class=\"elementor-widget-container\">\n\t\t\t\t\t\t\t\t\t<p><\/p>\n<blockquote>\n<p>Oferecemos uma ampla gama de servi\u00e7os de limpeza, incluindo<strong> limpeza dom\u00e9stica, limpeza de escrit\u00f3rios, limpeza p\u00f3s-obra, limpeza de janelas, limpeza de condom\u00ednios<\/strong><strong>\u00a0<\/strong>e todo o tipo de limpeza.<\/p>\n<p>A nossa equipa de profissionais de limpeza experientes dedica-se a fornecer servi\u00e7os da mais alta qualidade poss\u00edvel. Procuramos utilizar os produtos mais adequados e de melhor qualidade, de forma a garantir que tem os melhores resultados de limpeza.<\/p>\n<\/blockquote>\n<p><\/p>\t\t\t\t\t\t\t\t<\/div>\n\t\t\t\t<\/div>\n\t\t\t\t<div class=\"elementor-element elementor-element-d8d3e88 elementor-mobile-align-center elementor-align-center elementor-invisible elementor-widget elementor-widget-button\" data-id=\"d8d3e88\" data-element_type=\"widget\" data-settings=\"{&quot;_animation&quot;:&quot;fadeIn&quot;}\" data-widget_type=\"button.default\">\n\t\t\t\t<div class=\"elementor-widget-container\">\n\t\t\t\t\t\t\t\t\t<div class=\"elementor-button-wrapper\">\n\t\t\t\t\t<a class=\"elementor-button elementor-button-link elementor-size-sm elementor-animation-float\" href=\"https:\/\/jsmhomeservices.com\/index.php\/contactos\/\">\n\t\t\t\t\t\t<span class=\"elementor-button-content-wrapper\">\n\t\t\t\t\t\t<span class=\"elementor-button-icon\">\n\t\t\t\t<i aria-hidden=\"true\" class=\"fas fa-phone-alt\"><\/i>\t\t\t<\/span>\n\t\t\t\t\t\t\t\t\t<span class=\"elementor-button-text\">Contacte-nos<\/span>\n\t\t\t\t\t<\/span>\n\t\t\t\t\t<\/a>\n\t\t\t\t<\/div>\n\t\t\t\t\t\t\t\t<\/div>\n\t\t\t\t<\/div>\n\t\t\t\t\t<\/div>\n\t\t<\/div>\n\t\t\t\t\t<\/div>\n\t\t<\/section>\n\t\t\t\t<\/div>\n\t\t","protected":false},"excerpt":{"rendered":"<p>Servi\u00e7os de Limpeza Deixe-nos cuidar da limpeza para que se possa concentrar no que \u00e9 mais importante. O nosso objetivo O nosso objetivo \u00e9 fornecer aos nossos clientes servi\u00e7os de limpeza da mais alta qualidade poss\u00edvel. Queremos fazer da sua casa ou escrit\u00f3rio um espa\u00e7o limpo e confort\u00e1vel onde possa relaxar e ser produtivo. Utilizamos [&hellip;]<\/p>\n","protected":false},"author":1,"featured_media":0,"parent":0,"menu_order":0,"comment_status":"closed","ping_status":"closed","template":"template\/template-homepage.php","meta":{"_monsterinsights_skip_tracking":false,"_monsterinsights_sitenote_active":false,"_monsterinsights_sitenote_note":"","_monsterinsights_sitenote_category":0,"_uf_show_specific_survey":0,"_uf_disable_surveys":false,"footnotes":""},"class_list":["post-20193","page","type-page","status-publish","hentry"],"yoast_head":"<!-- This site is optimized with the Yoast SEO plugin v26.6 - https:\/\/yoast.com\/wordpress\/plugins\/seo\/ -->\n<title>Servi\u00e7os de limpeza<\/title>\n<meta name=\"description\" content=\"O nosso objetivo \u00e9 fornecer aos nossos clientes servi\u00e7os de limpeza da mais alta qualidade poss\u00edvel.\" \/>\n<meta name=\"robots\" content=\"index, follow, max-snippet:-1, max-image-preview:large, max-video-preview:-1\" \/>\n<link rel=\"canonical\" href=\"https:\/\/jsmhomeservices.com\/index.php\/servicos-de-limpeza\/\" \/>\n<meta property=\"og:locale\" content=\"pt_PT\" \/>\n<meta property=\"og:type\" content=\"article\" \/>\n<meta property=\"og:title\" content=\"Servi\u00e7os de limpeza\" \/>\n<meta property=\"og:description\" content=\"O nosso objetivo \u00e9 fornecer aos nossos clientes servi\u00e7os de limpeza da mais alta qualidade poss\u00edvel.\" \/>\n<meta property=\"og:url\" content=\"https:\/\/jsmhomeservices.com\/index.php\/servicos-de-limpeza\/\" \/>\n<meta property=\"og:site_name\" content=\"JSM Services\" \/>\n<meta property=\"article:modified_time\" content=\"2025-12-18T13:50:55+00:00\" \/>\n<meta property=\"og:image\" content=\"https:\/\/jsmhomeservices.com\/wp-content\/uploads\/2023\/08\/jsmservices_cleaningservices-1.svg\" \/>\n<meta name=\"twitter:card\" content=\"summary_large_image\" \/>\n<meta name=\"twitter:label1\" content=\"Tempo estimado de leitura\" \/>\n\t<meta name=\"twitter:data1\" content=\"1 minuto\" \/>\n<script type=\"application\/ld+json\" class=\"yoast-schema-graph\">{\"@context\":\"https:\/\/schema.org\",\"@graph\":[{\"@type\":\"WebPage\",\"@id\":\"https:\/\/jsmhomeservices.com\/index.php\/servicos-de-limpeza\/\",\"url\":\"https:\/\/jsmhomeservices.com\/index.php\/servicos-de-limpeza\/\",\"name\":\"Servi\u00e7os de limpeza\",\"isPartOf\":{\"@id\":\"https:\/\/jsmhomeservices.com\/#website\"},\"primaryImageOfPage\":{\"@id\":\"https:\/\/jsmhomeservices.com\/index.php\/servicos-de-limpeza\/#primaryimage\"},\"image\":{\"@id\":\"https:\/\/jsmhomeservices.com\/index.php\/servicos-de-limpeza\/#primaryimage\"},\"thumbnailUrl\":\"https:\/\/jsmhomeservices.com\/wp-content\/uploads\/2023\/08\/jsmservices_cleaningservices-1.svg\",\"datePublished\":\"2023-09-07T21:25:59+00:00\",\"dateModified\":\"2025-12-18T13:50:55+00:00\",\"description\":\"O nosso objetivo \u00e9 fornecer aos nossos clientes servi\u00e7os de limpeza da mais alta qualidade poss\u00edvel.\",\"breadcrumb\":{\"@id\":\"https:\/\/jsmhomeservices.com\/index.php\/servicos-de-limpeza\/#breadcrumb\"},\"inLanguage\":\"pt-PT\",\"potentialAction\":[{\"@type\":\"ReadAction\",\"target\":[\"https:\/\/jsmhomeservices.com\/index.php\/servicos-de-limpeza\/\"]}]},{\"@type\":\"ImageObject\",\"inLanguage\":\"pt-PT\",\"@id\":\"https:\/\/jsmhomeservices.com\/index.php\/servicos-de-limpeza\/#primaryimage\",\"url\":\"https:\/\/jsmhomeservices.com\/wp-content\/uploads\/2023\/08\/jsmservices_cleaningservices-1.svg\",\"contentUrl\":\"https:\/\/jsmhomeservices.com\/wp-content\/uploads\/2023\/08\/jsmservices_cleaningservices-1.svg\",\"width\":100,\"height\":100},{\"@type\":\"BreadcrumbList\",\"@id\":\"https:\/\/jsmhomeservices.com\/index.php\/servicos-de-limpeza\/#breadcrumb\",\"itemListElement\":[{\"@type\":\"ListItem\",\"position\":1,\"name\":\"In\u00edcio\",\"item\":\"https:\/\/jsmhomeservices.com\/\"},{\"@type\":\"ListItem\",\"position\":2,\"name\":\"Servi\u00e7os de limpeza\"}]},{\"@type\":\"WebSite\",\"@id\":\"https:\/\/jsmhomeservices.com\/#website\",\"url\":\"https:\/\/jsmhomeservices.com\/\",\"name\":\"JSM Services\",\"description\":\"Servi\u00e7os de limpeza, gest\u00e3o de condom\u00ednios e venda e compra de im\u00f3veis\",\"publisher\":{\"@id\":\"https:\/\/jsmhomeservices.com\/#organization\"},\"potentialAction\":[{\"@type\":\"SearchAction\",\"target\":{\"@type\":\"EntryPoint\",\"urlTemplate\":\"https:\/\/jsmhomeservices.com\/?s={search_term_string}\"},\"query-input\":{\"@type\":\"PropertyValueSpecification\",\"valueRequired\":true,\"valueName\":\"search_term_string\"}}],\"inLanguage\":\"pt-PT\"},{\"@type\":\"Organization\",\"@id\":\"https:\/\/jsmhomeservices.com\/#organization\",\"name\":\"JSM Services\",\"url\":\"https:\/\/jsmhomeservices.com\/\",\"logo\":{\"@type\":\"ImageObject\",\"inLanguage\":\"pt-PT\",\"@id\":\"https:\/\/jsmhomeservices.com\/#\/schema\/logo\/image\/\",\"url\":\"https:\/\/jsmhomeservices.com\/wp-content\/uploads\/2025\/12\/WhatsApp-Image-2025-12-16-at-20.44.16.jpeg\",\"contentUrl\":\"https:\/\/jsmhomeservices.com\/wp-content\/uploads\/2025\/12\/WhatsApp-Image-2025-12-16-at-20.44.16.jpeg\",\"width\":1537,\"height\":440,\"caption\":\"JSM Services\"},\"image\":{\"@id\":\"https:\/\/jsmhomeservices.com\/#\/schema\/logo\/image\/\"}}]}<\/script>\n<!-- \/ Yoast SEO plugin. -->","yoast_head_json":{"title":"Servi\u00e7os de limpeza","description":"O nosso objetivo \u00e9 fornecer aos nossos clientes servi\u00e7os de limpeza da mais alta qualidade poss\u00edvel.","robots":{"index":"index","follow":"follow","max-snippet":"max-snippet:-1","max-image-preview":"max-image-preview:large","max-video-preview":"max-video-preview:-1"},"canonical":"https:\/\/jsmhomeservices.com\/index.php\/servicos-de-limpeza\/","og_locale":"pt_PT","og_type":"article","og_title":"Servi\u00e7os de limpeza","og_description":"O nosso objetivo \u00e9 fornecer aos nossos clientes servi\u00e7os de limpeza da mais alta qualidade poss\u00edvel.","og_url":"https:\/\/jsmhomeservices.com\/index.php\/servicos-de-limpeza\/","og_site_name":"JSM Services","article_modified_time":"2025-12-18T13:50:55+00:00","og_image":[{"url":"https:\/\/jsmhomeservices.com\/wp-content\/uploads\/2023\/08\/jsmservices_cleaningservices-1.svg","type":"","width":"","height":""}],"twitter_card":"summary_large_image","twitter_misc":{"Tempo estimado de leitura":"1 minuto"},"schema":{"@context":"https:\/\/schema.org","@graph":[{"@type":"WebPage","@id":"https:\/\/jsmhomeservices.com\/index.php\/servicos-de-limpeza\/","url":"https:\/\/jsmhomeservices.com\/index.php\/servicos-de-limpeza\/","name":"Servi\u00e7os de limpeza","isPartOf":{"@id":"https:\/\/jsmhomeservices.com\/#website"},"primaryImageOfPage":{"@id":"https:\/\/jsmhomeservices.com\/index.php\/servicos-de-limpeza\/#primaryimage"},"image":{"@id":"https:\/\/jsmhomeservices.com\/index.php\/servicos-de-limpeza\/#primaryimage"},"thumbnailUrl":"https:\/\/jsmhomeservices.com\/wp-content\/uploads\/2023\/08\/jsmservices_cleaningservices-1.svg","datePublished":"2023-09-07T21:25:59+00:00","dateModified":"2025-12-18T13:50:55+00:00","description":"O nosso objetivo \u00e9 fornecer aos nossos clientes servi\u00e7os de limpeza da mais alta qualidade poss\u00edvel.","breadcrumb":{"@id":"https:\/\/jsmhomeservices.com\/index.php\/servicos-de-limpeza\/#breadcrumb"},"inLanguage":"pt-PT","potentialAction":[{"@type":"ReadAction","target":["https:\/\/jsmhomeservices.com\/index.php\/servicos-de-limpeza\/"]}]},{"@type":"ImageObject","inLanguage":"pt-PT","@id":"https:\/\/jsmhomeservices.com\/index.php\/servicos-de-limpeza\/#primaryimage","url":"https:\/\/jsmhomeservices.com\/wp-content\/uploads\/2023\/08\/jsmservices_cleaningservices-1.svg","contentUrl":"https:\/\/jsmhomeservices.com\/wp-content\/uploads\/2023\/08\/jsmservices_cleaningservices-1.svg","width":100,"height":100},{"@type":"BreadcrumbList","@id":"https:\/\/jsmhomeservices.com\/index.php\/servicos-de-limpeza\/#breadcrumb","itemListElement":[{"@type":"ListItem","position":1,"name":"In\u00edcio","item":"https:\/\/jsmhomeservices.com\/"},{"@type":"ListItem","position":2,"name":"Servi\u00e7os de limpeza"}]},{"@type":"WebSite","@id":"https:\/\/jsmhomeservices.com\/#website","url":"https:\/\/jsmhomeservices.com\/","name":"JSM Services","description":"Servi\u00e7os de limpeza, gest\u00e3o de condom\u00ednios e venda e compra de im\u00f3veis","publisher":{"@id":"https:\/\/jsmhomeservices.com\/#organization"},"potentialAction":[{"@type":"SearchAction","target":{"@type":"EntryPoint","urlTemplate":"https:\/\/jsmhomeservices.com\/?s={search_term_string}"},"query-input":{"@type":"PropertyValueSpecification","valueRequired":true,"valueName":"search_term_string"}}],"inLanguage":"pt-PT"},{"@type":"Organization","@id":"https:\/\/jsmhomeservices.com\/#organization","name":"JSM Services","url":"https:\/\/jsmhomeservices.com\/","logo":{"@type":"ImageObject","inLanguage":"pt-PT","@id":"https:\/\/jsmhomeservices.com\/#\/schema\/logo\/image\/","url":"https:\/\/jsmhomeservices.com\/wp-content\/uploads\/2025\/12\/WhatsApp-Image-2025-12-16-at-20.44.16.jpeg","contentUrl":"https:\/\/jsmhomeservices.com\/wp-content\/uploads\/2025\/12\/WhatsApp-Image-2025-12-16-at-20.44.16.jpeg","width":1537,"height":440,"caption":"JSM Services"},"image":{"@id":"https:\/\/jsmhomeservices.com\/#\/schema\/logo\/image\/"}}]}},"_hostinger_reach_plugin_has_subscription_block":false,"_hostinger_reach_plugin_is_elementor":false,"_links":{"self":[{"href":"https:\/\/jsmhomeservices.com\/index.php\/wp-json\/wp\/v2\/pages\/20193","targetHints":{"allow":["GET"]}}],"collection":[{"href":"https:\/\/jsmhomeservices.com\/index.php\/wp-json\/wp\/v2\/pages"}],"about":[{"href":"https:\/\/jsmhomeservices.com\/index.php\/wp-json\/wp\/v2\/types\/page"}],"author":[{"embeddable":true,"href":"https:\/\/jsmhomeservices.com\/index.php\/wp-json\/wp\/v2\/users\/1"}],"replies":[{"embeddable":true,"href":"https:\/\/jsmhomeservices.com\/index.php\/wp-json\/wp\/v2\/comments?post=20193"}],"version-history":[{"count":22,"href":"https:\/\/jsmhomeservices.com\/index.php\/wp-json\/wp\/v2\/pages\/20193\/revisions"}],"predecessor-version":[{"id":20645,"href":"https:\/\/jsmhomeservices.com\/index.php\/wp-json\/wp\/v2\/pages\/20193\/revisions\/20645"}],"wp:attachment":[{"href":"https:\/\/jsmhomeservices.com\/index.php\/wp-json\/wp\/v2\/media?parent=20193"}],"curies":[{"name":"wp","href":"https:\/\/api.w.org\/{rel}","templated":true}]}}