{"id":2324,"date":"2016-08-17T21:05:28","date_gmt":"2016-08-17T21:05:28","guid":{"rendered":"https:\/\/default.houzez.co\/?page_id=2324"},"modified":"2023-08-01T17:18:23","modified_gmt":"2023-08-01T17:18:23","slug":"compare-properties","status":"publish","type":"page","link":"https:\/\/jsmhomeservices.com\/index.php\/en\/compare-properties\/","title":{"rendered":"Compare properties"},"content":{"rendered":"","protected":false},"excerpt":{"rendered":"","protected":false},"author":1,"featured_media":0,"parent":0,"menu_order":0,"comment_status":"closed","ping_status":"closed","template":"template\/template-compare.php","meta":{"_monsterinsights_skip_tracking":false,"_monsterinsights_sitenote_active":false,"_monsterinsights_sitenote_note":"","_monsterinsights_sitenote_category":0,"_uf_show_specific_survey":0,"_uf_disable_surveys":false,"footnotes":""},"class_list":["post-2324","page","type-page","status-publish","hentry"],"yoast_head":"<!-- This site is optimized with the Yoast SEO plugin v26.6 - https:\/\/yoast.com\/wordpress\/plugins\/seo\/ -->\n<title>Properties<\/title>\n<meta name=\"robots\" content=\"index, follow, max-snippet:-1, max-image-preview:large, max-video-preview:-1\" \/>\n<link rel=\"canonical\" href=\"https:\/\/jsmhomeservices.com\/index.php\/en\/compare-properties\/\" \/>\n<meta property=\"og:locale\" content=\"pt_PT\" \/>\n<meta property=\"og:type\" content=\"article\" \/>\n<meta property=\"og:title\" content=\"Properties\" \/>\n<meta property=\"og:url\" content=\"https:\/\/jsmhomeservices.com\/index.php\/en\/compare-properties\/\" \/>\n<meta property=\"og:site_name\" content=\"JSM Services\" \/>\n<meta property=\"article:modified_time\" content=\"2023-08-01T17:18:23+00:00\" \/>\n<meta name=\"twitter:card\" content=\"summary_large_image\" \/>\n<script type=\"application\/ld+json\" class=\"yoast-schema-graph\">{\"@context\":\"https:\/\/schema.org\",\"@graph\":[{\"@type\":\"WebPage\",\"@id\":\"https:\/\/jsmhomeservices.com\/index.php\/en\/compare-properties\/\",\"url\":\"https:\/\/jsmhomeservices.com\/index.php\/en\/compare-properties\/\",\"name\":\"Properties\",\"isPartOf\":{\"@id\":\"https:\/\/jsmhomeservices.com\/#website\"},\"datePublished\":\"2016-08-17T21:05:28+00:00\",\"dateModified\":\"2023-08-01T17:18:23+00:00\",\"breadcrumb\":{\"@id\":\"https:\/\/jsmhomeservices.com\/index.php\/en\/compare-properties\/#breadcrumb\"},\"inLanguage\":\"pt-PT\",\"potentialAction\":[{\"@type\":\"ReadAction\",\"target\":[\"https:\/\/jsmhomeservices.com\/index.php\/en\/compare-properties\/\"]}]},{\"@type\":\"BreadcrumbList\",\"@id\":\"https:\/\/jsmhomeservices.com\/index.php\/en\/compare-properties\/#breadcrumb\",\"itemListElement\":[{\"@type\":\"ListItem\",\"position\":1,\"name\":\"In\u00edcio\",\"item\":\"https:\/\/jsmhomeservices.com\/\"},{\"@type\":\"ListItem\",\"position\":2,\"name\":\"Compare properties\"}]},{\"@type\":\"WebSite\",\"@id\":\"https:\/\/jsmhomeservices.com\/#website\",\"url\":\"https:\/\/jsmhomeservices.com\/\",\"name\":\"JSM Services\",\"description\":\"Servi\u00e7os de limpeza, gest\u00e3o de condom\u00ednios e venda e compra de im\u00f3veis\",\"publisher\":{\"@id\":\"https:\/\/jsmhomeservices.com\/#organization\"},\"potentialAction\":[{\"@type\":\"SearchAction\",\"target\":{\"@type\":\"EntryPoint\",\"urlTemplate\":\"https:\/\/jsmhomeservices.com\/?s={search_term_string}\"},\"query-input\":{\"@type\":\"PropertyValueSpecification\",\"valueRequired\":true,\"valueName\":\"search_term_string\"}}],\"inLanguage\":\"pt-PT\"},{\"@type\":\"Organization\",\"@id\":\"https:\/\/jsmhomeservices.com\/#organization\",\"name\":\"JSM Services\",\"url\":\"https:\/\/jsmhomeservices.com\/\",\"logo\":{\"@type\":\"ImageObject\",\"inLanguage\":\"pt-PT\",\"@id\":\"https:\/\/jsmhomeservices.com\/#\/schema\/logo\/image\/\",\"url\":\"https:\/\/jsmhomeservices.com\/wp-content\/uploads\/2025\/12\/WhatsApp-Image-2025-12-16-at-20.44.16.jpeg\",\"contentUrl\":\"https:\/\/jsmhomeservices.com\/wp-content\/uploads\/2025\/12\/WhatsApp-Image-2025-12-16-at-20.44.16.jpeg\",\"width\":1537,\"height\":440,\"caption\":\"JSM Services\"},\"image\":{\"@id\":\"https:\/\/jsmhomeservices.com\/#\/schema\/logo\/image\/\"}}]}<\/script>\n<!-- \/ Yoast SEO plugin. -->","yoast_head_json":{"title":"Properties","robots":{"index":"index","follow":"follow","max-snippet":"max-snippet:-1","max-image-preview":"max-image-preview:large","max-video-preview":"max-video-preview:-1"},"canonical":"https:\/\/jsmhomeservices.com\/index.php\/en\/compare-properties\/","og_locale":"pt_PT","og_type":"article","og_title":"Properties","og_url":"https:\/\/jsmhomeservices.com\/index.php\/en\/compare-properties\/","og_site_name":"JSM Services","article_modified_time":"2023-08-01T17:18:23+00:00","twitter_card":"summary_large_image","schema":{"@context":"https:\/\/schema.org","@graph":[{"@type":"WebPage","@id":"https:\/\/jsmhomeservices.com\/index.php\/en\/compare-properties\/","url":"https:\/\/jsmhomeservices.com\/index.php\/en\/compare-properties\/","name":"Properties","isPartOf":{"@id":"https:\/\/jsmhomeservices.com\/#website"},"datePublished":"2016-08-17T21:05:28+00:00","dateModified":"2023-08-01T17:18:23+00:00","breadcrumb":{"@id":"https:\/\/jsmhomeservices.com\/index.php\/en\/compare-properties\/#breadcrumb"},"inLanguage":"pt-PT","potentialAction":[{"@type":"ReadAction","target":["https:\/\/jsmhomeservices.com\/index.php\/en\/compare-properties\/"]}]},{"@type":"BreadcrumbList","@id":"https:\/\/jsmhomeservices.com\/index.php\/en\/compare-properties\/#breadcrumb","itemListElement":[{"@type":"ListItem","position":1,"name":"In\u00edcio","item":"https:\/\/jsmhomeservices.com\/"},{"@type":"ListItem","position":2,"name":"Compare properties"}]},{"@type":"WebSite","@id":"https:\/\/jsmhomeservices.com\/#website","url":"https:\/\/jsmhomeservices.com\/","name":"JSM Services","description":"Servi\u00e7os de limpeza, gest\u00e3o de condom\u00ednios e venda e compra de im\u00f3veis","publisher":{"@id":"https:\/\/jsmhomeservices.com\/#organization"},"potentialAction":[{"@type":"SearchAction","target":{"@type":"EntryPoint","urlTemplate":"https:\/\/jsmhomeservices.com\/?s={search_term_string}"},"query-input":{"@type":"PropertyValueSpecification","valueRequired":true,"valueName":"search_term_string"}}],"inLanguage":"pt-PT"},{"@type":"Organization","@id":"https:\/\/jsmhomeservices.com\/#organization","name":"JSM Services","url":"https:\/\/jsmhomeservices.com\/","logo":{"@type":"ImageObject","inLanguage":"pt-PT","@id":"https:\/\/jsmhomeservices.com\/#\/schema\/logo\/image\/","url":"https:\/\/jsmhomeservices.com\/wp-content\/uploads\/2025\/12\/WhatsApp-Image-2025-12-16-at-20.44.16.jpeg","contentUrl":"https:\/\/jsmhomeservices.com\/wp-content\/uploads\/2025\/12\/WhatsApp-Image-2025-12-16-at-20.44.16.jpeg","width":1537,"height":440,"caption":"JSM Services"},"image":{"@id":"https:\/\/jsmhomeservices.com\/#\/schema\/logo\/image\/"}}]}},"_hostinger_reach_plugin_has_subscription_block":false,"_hostinger_reach_plugin_is_elementor":false,"_links":{"self":[{"href":"https:\/\/jsmhomeservices.com\/index.php\/wp-json\/wp\/v2\/pages\/2324","targetHints":{"allow":["GET"]}}],"collection":[{"href":"https:\/\/jsmhomeservices.com\/index.php\/wp-json\/wp\/v2\/pages"}],"about":[{"href":"https:\/\/jsmhomeservices.com\/index.php\/wp-json\/wp\/v2\/types\/page"}],"author":[{"embeddable":true,"href":"https:\/\/jsmhomeservices.com\/index.php\/wp-json\/wp\/v2\/users\/1"}],"replies":[{"embeddable":true,"href":"https:\/\/jsmhomeservices.com\/index.php\/wp-json\/wp\/v2\/comments?post=2324"}],"version-history":[{"count":1,"href":"https:\/\/jsmhomeservices.com\/index.php\/wp-json\/wp\/v2\/pages\/2324\/revisions"}],"predecessor-version":[{"id":19790,"href":"https:\/\/jsmhomeservices.com\/index.php\/wp-json\/wp\/v2\/pages\/2324\/revisions\/19790"}],"wp:attachment":[{"href":"https:\/\/jsmhomeservices.com\/index.php\/wp-json\/wp\/v2\/media?parent=2324"}],"curies":[{"name":"wp","href":"https:\/\/api.w.org\/{rel}","templated":true}]}}