{"id":745,"date":"2016-03-10T18:51:46","date_gmt":"2016-03-10T18:51:46","guid":{"rendered":"https:\/\/default.houzez.co\/?page_id=745"},"modified":"2024-07-14T11:50:31","modified_gmt":"2024-07-14T11:50:31","slug":"terms-and-conditions","status":"publish","type":"page","link":"https:\/\/jsmhomeservices.com\/index.php\/en\/terms-and-conditions\/","title":{"rendered":"Terms and Conditions"},"content":{"rendered":"\n<h3><span style=\"color: rgb(68, 68, 68);\">1. Terms<\/span><\/h3><p><span style=\"color: rgb(68, 68, 68);\">By accessing the website at <a href=\"https:\/\/jsmhomeservices.com\">JSM Services<\/a> you are agreeing to be bound by these terms of service, all applicable laws and regulations, and agree that you are responsible for compliance with any applicable local laws. If you do not agree with any of these terms, you are prohibited from using or accessing this site. The materials contained in this website are protected by applicable copyright and trademark law.<\/span><\/p><h3><span style=\"color: rgb(68, 68, 68);\">2. Use License<\/span><\/h3><ol><li><span style=\"color: rgb(68, 68, 68);\">Permission is granted to temporarily download one copy of the materials (information or software) on JSM Services&#8217;s website for personal, non-commercial transitory viewing only. This is the grant of a licence, not a transfer of title, and under this licence you may not:<\/span><\/li><li class=\"ql-indent-1\"><span style=\"color: rgb(68, 68, 68);\">modify or copy the materials;<\/span><\/li><li class=\"ql-indent-1\"><span style=\"color: rgb(68, 68, 68);\">use the materials for any commercial purpose, or for any public display (commercial or non-commercial);<\/span><\/li><li class=\"ql-indent-1\"><span style=\"color: rgb(68, 68, 68);\">attempt to decompile or reverse engineer any software contained on JSM Services website;<\/span><\/li><li class=\"ql-indent-1\"><span style=\"color: rgb(68, 68, 68);\">remove any copyright or other proprietary notations from the materials; or<\/span><\/li><li class=\"ql-indent-1\"><span style=\"color: rgb(68, 68, 68);\">transfer the materials to another person or &#8216;mirror&#8217; the materials on any other server.<\/span><\/li><li><span style=\"color: rgb(68, 68, 68);\">This licence shall automatically terminate if you violate any of these restrictions and may be terminated by JSM Services at any time. Upon terminating your viewing of these materials or upon the termination of this licence, you must destroy any downloaded materials in your possession whether in electronic or printed format.<\/span><\/li><\/ol><h3><span style=\"color: rgb(68, 68, 68);\">3. Disclaimer<\/span><\/h3><ol><li><span style=\"color: rgb(68, 68, 68);\">The materials on JSM Services&#8217;s website are provided on an &#8216;as is&#8217; basis. JSM Services makes no warranties, expressed or implied, and hereby disclaims and negates all other warranties including, without limitation, implied warranties or conditions of merchantability, fitness for a particular purpose, or non-infringement of intellectual property or other violation of rights.<\/span><\/li><li><span style=\"color: rgb(68, 68, 68);\">Further, JSM Services does not warrant or make any representations concerning the accuracy, likely results, or reliability of the use of the materials on its website or otherwise relating to such materials or on any sites linked to this site.<\/span><\/li><\/ol><h3><span style=\"color: rgb(68, 68, 68);\">4. Limitations<\/span><\/h3><p><span style=\"color: rgb(68, 68, 68);\">In no event shall JSM Services or its suppliers be liable for any damages (including, without limitation, damages for loss of data or profit, or due to business interruption) arising out of the use or inability to use the materials on JSM Services&#8217;s website, even if JSM Services or a JSM Services authorised representative has been notified orally or in writing of the possibility of such damage. Because some jurisdictions do not allow limitations on implied warranties, or limitations of liability for consequential or incidental damages, these limitations may not apply to you.<\/span><\/p><h3><span style=\"color: rgb(68, 68, 68);\">5. Accuracy of materials<\/span><\/h3><p><span style=\"color: rgb(68, 68, 68);\">The materials appearing on JSM Services&#8217;s website could include technical, typographical, or photographic errors. JSM Services does not warrant that any of the materials on its website are accurate, complete or current. JSM Services may make changes to the materials contained on its website at any time without notice. However JSM Services does not make any commitment to update the materials.<\/span><\/p><h3><span style=\"color: rgb(68, 68, 68);\">6. Links<\/span><\/h3><p><span style=\"color: rgb(68, 68, 68);\">JSM Services has not reviewed all of the sites linked to its website and is not responsible for the contents of any such linked site. The inclusion of any link does not imply endorsement by JSM Services of the site. Use of any such linked website is at the user&#8217;s own risk.<\/span><\/p><h3><span style=\"color: rgb(68, 68, 68);\">7. Modifications<\/span><\/h3><p><span style=\"color: rgb(68, 68, 68);\">JSM Services may revise these terms of service for its website at any time without notice. By using this website you are agreeing to be bound by the then current version of these terms of service.<\/span><\/p><h3><span style=\"color: rgb(68, 68, 68);\">8. Governing Law<\/span><\/h3><p><span style=\"color: rgb(68, 68, 68);\">These terms and conditions are governed by and construed in accordance with the laws of JSM Services and you irrevocably submit to the exclusive jurisdiction of the courts in that State or location.<\/span><\/p>\n","protected":false},"excerpt":{"rendered":"<p>1. Terms By accessing the website at JSM Services you are agreeing to be bound by these terms of service, all applicable laws and regulations, and agree that you are responsible for compliance with any applicable local laws. If you do not agree with any of these terms, you are prohibited from using or accessing [&hellip;]<\/p>\n","protected":false},"author":1,"featured_media":0,"parent":0,"menu_order":0,"comment_status":"closed","ping_status":"closed","template":"template\/template-page.php","meta":{"_monsterinsights_skip_tracking":false,"_monsterinsights_sitenote_active":false,"_monsterinsights_sitenote_note":"","_monsterinsights_sitenote_category":0,"_uf_show_specific_survey":0,"_uf_disable_surveys":false,"footnotes":""},"class_list":["post-745","page","type-page","status-publish","hentry"],"yoast_head":"<!-- This site is optimized with the Yoast SEO plugin v26.6 - https:\/\/yoast.com\/wordpress\/plugins\/seo\/ -->\n<title>Terms and Conditions<\/title>\n<meta name=\"robots\" content=\"index, follow, max-snippet:-1, max-image-preview:large, max-video-preview:-1\" \/>\n<link rel=\"canonical\" href=\"https:\/\/jsmhomeservices.com\/index.php\/en\/terms-and-conditions\/\" \/>\n<meta property=\"og:locale\" content=\"pt_PT\" \/>\n<meta property=\"og:type\" content=\"article\" \/>\n<meta property=\"og:title\" content=\"Terms and Conditions\" \/>\n<meta property=\"og:description\" content=\"1. Terms By accessing the website at JSM Services you are agreeing to be bound by these terms of service, all applicable laws and regulations, and agree that you are responsible for compliance with any applicable local laws. If you do not agree with any of these terms, you are prohibited from using or accessing [&hellip;]\" \/>\n<meta property=\"og:url\" content=\"https:\/\/jsmhomeservices.com\/index.php\/en\/terms-and-conditions\/\" \/>\n<meta property=\"og:site_name\" content=\"JSM Services\" \/>\n<meta property=\"article:modified_time\" content=\"2024-07-14T11:50:31+00:00\" \/>\n<meta name=\"twitter:card\" content=\"summary_large_image\" \/>\n<meta name=\"twitter:label1\" content=\"Tempo estimado de leitura\" \/>\n\t<meta name=\"twitter:data1\" content=\"3 minutos\" \/>\n<script type=\"application\/ld+json\" class=\"yoast-schema-graph\">{\"@context\":\"https:\/\/schema.org\",\"@graph\":[{\"@type\":\"WebPage\",\"@id\":\"https:\/\/jsmhomeservices.com\/index.php\/en\/terms-and-conditions\/\",\"url\":\"https:\/\/jsmhomeservices.com\/index.php\/en\/terms-and-conditions\/\",\"name\":\"Terms and Conditions\",\"isPartOf\":{\"@id\":\"https:\/\/jsmhomeservices.com\/#website\"},\"datePublished\":\"2016-03-10T18:51:46+00:00\",\"dateModified\":\"2024-07-14T11:50:31+00:00\",\"breadcrumb\":{\"@id\":\"https:\/\/jsmhomeservices.com\/index.php\/en\/terms-and-conditions\/#breadcrumb\"},\"inLanguage\":\"pt-PT\",\"potentialAction\":[{\"@type\":\"ReadAction\",\"target\":[\"https:\/\/jsmhomeservices.com\/index.php\/en\/terms-and-conditions\/\"]}]},{\"@type\":\"BreadcrumbList\",\"@id\":\"https:\/\/jsmhomeservices.com\/index.php\/en\/terms-and-conditions\/#breadcrumb\",\"itemListElement\":[{\"@type\":\"ListItem\",\"position\":1,\"name\":\"In\u00edcio\",\"item\":\"https:\/\/jsmhomeservices.com\/\"},{\"@type\":\"ListItem\",\"position\":2,\"name\":\"Terms and Conditions\"}]},{\"@type\":\"WebSite\",\"@id\":\"https:\/\/jsmhomeservices.com\/#website\",\"url\":\"https:\/\/jsmhomeservices.com\/\",\"name\":\"JSM Services\",\"description\":\"Servi\u00e7os de limpeza, gest\u00e3o de condom\u00ednios e venda e compra de im\u00f3veis\",\"publisher\":{\"@id\":\"https:\/\/jsmhomeservices.com\/#organization\"},\"potentialAction\":[{\"@type\":\"SearchAction\",\"target\":{\"@type\":\"EntryPoint\",\"urlTemplate\":\"https:\/\/jsmhomeservices.com\/?s={search_term_string}\"},\"query-input\":{\"@type\":\"PropertyValueSpecification\",\"valueRequired\":true,\"valueName\":\"search_term_string\"}}],\"inLanguage\":\"pt-PT\"},{\"@type\":\"Organization\",\"@id\":\"https:\/\/jsmhomeservices.com\/#organization\",\"name\":\"JSM Services\",\"url\":\"https:\/\/jsmhomeservices.com\/\",\"logo\":{\"@type\":\"ImageObject\",\"inLanguage\":\"pt-PT\",\"@id\":\"https:\/\/jsmhomeservices.com\/#\/schema\/logo\/image\/\",\"url\":\"https:\/\/jsmhomeservices.com\/wp-content\/uploads\/2025\/12\/WhatsApp-Image-2025-12-16-at-20.44.16.jpeg\",\"contentUrl\":\"https:\/\/jsmhomeservices.com\/wp-content\/uploads\/2025\/12\/WhatsApp-Image-2025-12-16-at-20.44.16.jpeg\",\"width\":1537,\"height\":440,\"caption\":\"JSM Services\"},\"image\":{\"@id\":\"https:\/\/jsmhomeservices.com\/#\/schema\/logo\/image\/\"}}]}<\/script>\n<!-- \/ Yoast SEO plugin. -->","yoast_head_json":{"title":"Terms and Conditions","robots":{"index":"index","follow":"follow","max-snippet":"max-snippet:-1","max-image-preview":"max-image-preview:large","max-video-preview":"max-video-preview:-1"},"canonical":"https:\/\/jsmhomeservices.com\/index.php\/en\/terms-and-conditions\/","og_locale":"pt_PT","og_type":"article","og_title":"Terms and Conditions","og_description":"1. Terms By accessing the website at JSM Services you are agreeing to be bound by these terms of service, all applicable laws and regulations, and agree that you are responsible for compliance with any applicable local laws. If you do not agree with any of these terms, you are prohibited from using or accessing [&hellip;]","og_url":"https:\/\/jsmhomeservices.com\/index.php\/en\/terms-and-conditions\/","og_site_name":"JSM Services","article_modified_time":"2024-07-14T11:50:31+00:00","twitter_card":"summary_large_image","twitter_misc":{"Tempo estimado de leitura":"3 minutos"},"schema":{"@context":"https:\/\/schema.org","@graph":[{"@type":"WebPage","@id":"https:\/\/jsmhomeservices.com\/index.php\/en\/terms-and-conditions\/","url":"https:\/\/jsmhomeservices.com\/index.php\/en\/terms-and-conditions\/","name":"Terms and Conditions","isPartOf":{"@id":"https:\/\/jsmhomeservices.com\/#website"},"datePublished":"2016-03-10T18:51:46+00:00","dateModified":"2024-07-14T11:50:31+00:00","breadcrumb":{"@id":"https:\/\/jsmhomeservices.com\/index.php\/en\/terms-and-conditions\/#breadcrumb"},"inLanguage":"pt-PT","potentialAction":[{"@type":"ReadAction","target":["https:\/\/jsmhomeservices.com\/index.php\/en\/terms-and-conditions\/"]}]},{"@type":"BreadcrumbList","@id":"https:\/\/jsmhomeservices.com\/index.php\/en\/terms-and-conditions\/#breadcrumb","itemListElement":[{"@type":"ListItem","position":1,"name":"In\u00edcio","item":"https:\/\/jsmhomeservices.com\/"},{"@type":"ListItem","position":2,"name":"Terms and Conditions"}]},{"@type":"WebSite","@id":"https:\/\/jsmhomeservices.com\/#website","url":"https:\/\/jsmhomeservices.com\/","name":"JSM Services","description":"Servi\u00e7os de limpeza, gest\u00e3o de condom\u00ednios e venda e compra de im\u00f3veis","publisher":{"@id":"https:\/\/jsmhomeservices.com\/#organization"},"potentialAction":[{"@type":"SearchAction","target":{"@type":"EntryPoint","urlTemplate":"https:\/\/jsmhomeservices.com\/?s={search_term_string}"},"query-input":{"@type":"PropertyValueSpecification","valueRequired":true,"valueName":"search_term_string"}}],"inLanguage":"pt-PT"},{"@type":"Organization","@id":"https:\/\/jsmhomeservices.com\/#organization","name":"JSM Services","url":"https:\/\/jsmhomeservices.com\/","logo":{"@type":"ImageObject","inLanguage":"pt-PT","@id":"https:\/\/jsmhomeservices.com\/#\/schema\/logo\/image\/","url":"https:\/\/jsmhomeservices.com\/wp-content\/uploads\/2025\/12\/WhatsApp-Image-2025-12-16-at-20.44.16.jpeg","contentUrl":"https:\/\/jsmhomeservices.com\/wp-content\/uploads\/2025\/12\/WhatsApp-Image-2025-12-16-at-20.44.16.jpeg","width":1537,"height":440,"caption":"JSM Services"},"image":{"@id":"https:\/\/jsmhomeservices.com\/#\/schema\/logo\/image\/"}}]}},"_hostinger_reach_plugin_has_subscription_block":false,"_hostinger_reach_plugin_is_elementor":false,"_links":{"self":[{"href":"https:\/\/jsmhomeservices.com\/index.php\/wp-json\/wp\/v2\/pages\/745","targetHints":{"allow":["GET"]}}],"collection":[{"href":"https:\/\/jsmhomeservices.com\/index.php\/wp-json\/wp\/v2\/pages"}],"about":[{"href":"https:\/\/jsmhomeservices.com\/index.php\/wp-json\/wp\/v2\/types\/page"}],"author":[{"embeddable":true,"href":"https:\/\/jsmhomeservices.com\/index.php\/wp-json\/wp\/v2\/users\/1"}],"replies":[{"embeddable":true,"href":"https:\/\/jsmhomeservices.com\/index.php\/wp-json\/wp\/v2\/comments?post=745"}],"version-history":[{"count":2,"href":"https:\/\/jsmhomeservices.com\/index.php\/wp-json\/wp\/v2\/pages\/745\/revisions"}],"predecessor-version":[{"id":20428,"href":"https:\/\/jsmhomeservices.com\/index.php\/wp-json\/wp\/v2\/pages\/745\/revisions\/20428"}],"wp:attachment":[{"href":"https:\/\/jsmhomeservices.com\/index.php\/wp-json\/wp\/v2\/media?parent=745"}],"curies":[{"name":"wp","href":"https:\/\/api.w.org\/{rel}","templated":true}]}}